{"id":1005,"date":"2021-03-18T08:05:42","date_gmt":"2021-03-18T08:05:42","guid":{"rendered":"https:\/\/anleihe.zeitfracht.dev\/?page_id=1005"},"modified":"2025-07-21T08:57:03","modified_gmt":"2025-07-21T08:57:03","slug":"impressum","status":"publish","type":"page","link":"https:\/\/anleihe.zeitfracht.dev\/en\/impressum","title":{"rendered":"Imprint"},"content":{"rendered":"<h2 class=\"wp-block-heading\">Information according to \u00a7 5 DDG<\/h2>\n\n\n\n<p>Zeitfracht Logistik Holding GmbH<\/p>\n\n\n\n<p>Gro\u00dfbeerenstrasse 139<br>14482 Potsdam<\/p>\n\n\n\n<p>Commercial register: HRB 36504 P<br>Register court: AG Potsdam<\/p>\n\n\n\n<p>Managing Director<br>Dr. Wolfram Simon-Schr\u00f6ter<br>Olaf Bierhoff<br>Maren Wolters<\/p>\n\n\n\n<h2 class=\"wp-block-heading\">Contact:<\/h2>\n\n\n\n<p>E-mail: info@zeitfracht.de<\/p>\n\n\n\n<h2 class=\"wp-block-heading\">Sales tax ID<\/h2>\n\n\n\n<p>Sales tax identification number according to \u00a7 27 a sales tax law:<br>DE 315 902 163<\/p>\n\n\n\n<h2 class=\"wp-block-heading\">Information on professional liability insurance<\/h2>\n\n\n\n<p><strong>Name and registered office of the insurer:<\/strong><br>AXA Insurance AG<br>Industrial Customers North division<br>P.O. Box: 51171 Cologne<\/p>\n\n\n\n<p><strong>Area of validity of the insurance:<\/strong><br>Worldwide<\/p>\n\n\n\n<h2 class=\"wp-block-heading\">Consumer dispute resolution\/universal arbitration board<\/h2>\n\n\n\n<p>We are not willing or obliged to participate in dispute resolution proceedings before a consumer arbitration board.<\/p>\n\n\n\n<p><\/p>\n\n\n\n<p><strong>Issuer: Zeitfracht Logistik Holding GmbH<\/strong><\/p>\n\n\n\n<p><strong>Represented by:<\/strong>&nbsp;Dr. Wolfram Simon-Schr\u00f6ter (Managing Director), Olaf Bierhoff (Managing Director)Local Court of Potsdam under HRB 36504 P<br>Contact: Gro\u00dfbeerenstra\u00dfe 139, 14482 Potsdam<br>Sales tax ID: DE239225610<\/p>","protected":false},"excerpt":{"rendered":"<p>Angaben gem. \u00a7 5&nbsp;DDG Zeitfracht Logistik Holding GmbH Gro\u00dfbeerenstra\u00dfe 13914482 Potsdam Handelsregister: HRB 36504 PRegistergericht: AG Potsdam Gesch\u00e4ftsf\u00fchrerDr. Wolfram Simon-Schr\u00f6terOlaf BierhoffMaren Wolters Kontakt: E-Mail: info@zeitfracht.de Umsatzsteuer-ID Umsatzsteuer-Identifikationsnummer gem\u00e4\u00df \u00a7 27 a Umsatzsteuergesetz:DE 315 902 163 Angaben zur Berufs\u00adhaftpflicht\u00adversicherung Name und Sitz des Versicherers:AXA Versicherung AGBereich Industriekunden NordPostfach: 51171 K\u00f6ln Geltungsraum der Versicherung:weltweit Verbraucher\u00adstreit\u00adbeilegung\/Universal\u00adschlichtungs\u00adstelle Wir sind&hellip; <br \/> <a class=\"button small blue\" href=\"https:\/\/anleihe.zeitfracht.dev\/en\/impressum\">Read more<\/a><\/p>","protected":false},"author":1,"featured_media":0,"parent":0,"menu_order":0,"comment_status":"closed","ping_status":"closed","template":"","meta":{"footnotes":""},"class_list":["post-1005","page","type-page","status-publish","hentry"],"_links":{"self":[{"href":"https:\/\/anleihe.zeitfracht.dev\/en\/wp-json\/wp\/v2\/pages\/1005","targetHints":{"allow":["GET"]}}],"collection":[{"href":"https:\/\/anleihe.zeitfracht.dev\/en\/wp-json\/wp\/v2\/pages"}],"about":[{"href":"https:\/\/anleihe.zeitfracht.dev\/en\/wp-json\/wp\/v2\/types\/page"}],"author":[{"embeddable":true,"href":"https:\/\/anleihe.zeitfracht.dev\/en\/wp-json\/wp\/v2\/users\/1"}],"replies":[{"embeddable":true,"href":"https:\/\/anleihe.zeitfracht.dev\/en\/wp-json\/wp\/v2\/comments?post=1005"}],"version-history":[{"count":22,"href":"https:\/\/anleihe.zeitfracht.dev\/en\/wp-json\/wp\/v2\/pages\/1005\/revisions"}],"predecessor-version":[{"id":2342,"href":"https:\/\/anleihe.zeitfracht.dev\/en\/wp-json\/wp\/v2\/pages\/1005\/revisions\/2342"}],"wp:attachment":[{"href":"https:\/\/anleihe.zeitfracht.dev\/en\/wp-json\/wp\/v2\/media?parent=1005"}],"curies":[{"name":"wp","href":"https:\/\/api.w.org\/{rel}","templated":true}]}}